{"id":39,"date":"2015-01-06T22:49:59","date_gmt":"2015-01-06T22:49:59","guid":{"rendered":"http:\/\/www.manfredkoppensteiner.net\/photography\/?page_id=39"},"modified":"2016-08-24T10:04:26","modified_gmt":"2016-08-24T09:04:26","slug":"imagefilm","status":"publish","type":"page","link":"http:\/\/www.manfredkoppensteiner.net\/photography\/imagefilm\/","title":{"rendered":"IMAGEFILM"},"content":{"rendered":"<div class=\"wpb-content-wrapper\">[vc_row][vc_column][vc_custom_heading text=&#8220;IDEEN IN BEWEGUNG \/\/ IDEAS IN MOTION&#8220; google_fonts=&#8220;font_family:Cabin%3Aregular%2Citalic%2C500%2C500italic%2C600%2C600italic%2C700%2C700italic|font_style:400%20regular%3A400%3Anormal&#8220;][vc_custom_heading text=&#8220;Grestenbergerstra\u00dfe 12 \/\/ 4020 Linz &#8211; Infos unter +43-664-3824059 oder info@manfredkoppensteiner.net&#8220; font_container=&#8220;tag:h3|text_align:center&#8220; google_fonts=&#8220;font_family:Cabin%3Aregular%2Citalic%2C500%2C500italic%2C600%2C600italic%2C700%2C700italic|font_style:400%20regular%3A400%3Anormal&#8220;][\/vc_column][\/vc_row][vc_row][vc_column width=&#8220;1\/3&#8243;][vc_single_image image=&#8220;3259&#8243; img_size=&#8220;medium&#8220; alignment=&#8220;center&#8220; style=&#8220;vc_box_outline&#8220; css_animation=&#8220;appear&#8220;][vc_column_text css_animation=&#8220;left-to-right&#8220;]\n<p style=\"text-align: justify;\"><span style=\"font-size: 12pt;\">&gt;&gt; Kurze und pr\u00e4gnante clips bringen es auf den Punkt. Nutzen Sie die Vorteile des Bewegtbildes um Ihr Unternehmen bestm\u00f6glich zu pr\u00e4sentieren. &lt;&lt;<br \/>\n<\/span><\/p>\n[\/vc_column_text][\/vc_column][vc_column width=&#8220;1\/3&#8243;][vc_single_image image=&#8220;3479&#8243; img_size=&#8220;medium&#8220; alignment=&#8220;center&#8220; style=&#8220;vc_box_outline&#8220; css_animation=&#8220;appear&#8220;][vc_column_text css_animation=&#8220;bottom-to-top&#8220;]\n<p style=\"text-align: justify;\"><span style=\"font-size: 12pt;\">&gt;&gt; Sie m\u00f6chten Ihre professionelle Diensteleistung nat\u00fcrlich gerne Ihren Kunden vorstellen, der Imagefilm eignet sich dazu bestens, beginnen SIe noch heute mit der Ideenfindung, dem ersten Schritt der Konzeption. &lt;&lt;<br \/>\n<\/span><\/p>\n[\/vc_column_text][\/vc_column][vc_column width=&#8220;1\/3&#8243;][vc_single_image image=&#8220;3286&#8243; img_size=&#8220;medium&#8220; alignment=&#8220;center&#8220; style=&#8220;vc_box_outline&#8220; css_animation=&#8220;appear&#8220;][vc_column_text css_animation=&#8220;right-to-left&#8220;]\n<p style=\"text-align: justify;\"><span style=\"font-size: 12pt;\">&gt;&gt; Ihr Produkt verdient es, den potentiellen Konsumenten so gut als m\u00f6glich pr\u00e4sentiert zu werden. Gemeinsam erstellen wir ein Konzept, welches Ihre Produkte \u00fcberzeugend vorstellt. &lt;&lt;<br \/>\n<\/span><\/p>\n[\/vc_column_text][\/vc_column][\/vc_row][vc_row content_placement=&#8220;top&#8220;][vc_column][vc_btn title=&#8220;PREISE &#8211; Was kostet ein FIlm ? &#8211; Weitere Infos unter +43-664-3824059 oder info@manfredkoppensteiner.net&#8220; color=&#8220;juicy-pink&#8220; align=&#8220;center&#8220; link=&#8220;url:http%3A%2F%2Fwww.manfredkoppensteiner.net%2Fphotography%2Fwerbefilm-2%2F%23preis||&#8220;][vc_video link=&#8220;https:\/\/www.youtube.com\/watch?v=-vet19vDlyc&amp;feature=youtu.be&#8220;][\/vc_column][\/vc_row][vc_row][vc_column width=&#8220;1\/3&#8243;][vc_single_image image=&#8220;3303&#8243; img_size=&#8220;medium&#8220; alignment=&#8220;center&#8220; style=&#8220;vc_box_outline&#8220; css_animation=&#8220;appear&#8220;][vc_column_text css_animation=&#8220;left-to-right&#8220;]\n<p style=\"text-align: justify;\"><span style=\"font-size: 12pt;\">&gt;&gt; Setzen Sie mit Facebook &amp; Youtube Ads auf werbeeffiziente Ma\u00dfnahmen und bringen Sie Ihr Marketing so in Bewegung. &lt;&lt;<\/span><\/p>\n[\/vc_column_text][\/vc_column][vc_column width=&#8220;1\/3&#8243;][vc_single_image image=&#8220;3304&#8243; img_size=&#8220;medium&#8220; alignment=&#8220;center&#8220; style=&#8220;vc_box_outline&#8220; css_animation=&#8220;appear&#8220;][vc_column_text css_animation=&#8220;bottom-to-top&#8220;]\n<p style=\"text-align: justify;\"><span style=\"font-size: 12pt;\">&gt;&gt; Poduktionsabl\u00e4ufe mit Utility Filmen oder Schulungsfilmen dokumentieren und nachvollziehen k\u00f6nnen, setzten Sie dazu auf das Medium Film. Textunterst\u00fctzte Anleitungen machen auch komplizierte Vorg\u00e4nge zum Kinderspiel. &lt;&lt;<\/span><\/p>\n[\/vc_column_text][\/vc_column][vc_column width=&#8220;1\/3&#8243;][vc_single_image image=&#8220;3302&#8243; img_size=&#8220;medium&#8220; alignment=&#8220;center&#8220; style=&#8220;vc_box_outline&#8220; css_animation=&#8220;appear&#8220;][vc_column_text css_animation=&#8220;right-to-left&#8220;]\n<p style=\"text-align: justify;\"><span style=\"font-size: 12pt;\">&gt;&gt; Ein Event mit allen Highlights inkl. Interviews chronologisch im passenden Format ! Mit dem Aftermovie setzen Sie auf das authentischste Werbemittel schlechthin, die n\u00e4chste Veranstaltung kann so nur ein Erfolg werden. &lt;&lt;<\/span><\/p>\n[\/vc_column_text][\/vc_column][\/vc_row][vc_row][vc_column][vc_btn title=&#8220;KONTAKT &#8211; Der schnellste Weg zum eigenen FIlm &#8211; Infos unter +43-664-3824059 oder info@manfredkoppensteiner.net&#8220; color=&#8220;primary&#8220; align=&#8220;center&#8220; link=&#8220;url:http%3A%2F%2Fwww.manfredkoppensteiner.net%2Fphotography%2Fkontakt%2F||&#8220;][\/vc_column][\/vc_row][vc_row el_id=&#8220;preis&#8220;][vc_column][vc_custom_heading text=&#8220;Was kostet ein Film ?&#8220; font_container=&#8220;tag:h2|text_align:center&#8220; google_fonts=&#8220;font_family:Montserrat%3Aregular%2C700|font_style:400%20regular%3A400%3Anormal&#8220;][vc_column_text]\n<h4 style=\"text-align: center;\"><\/h4>\n<h4 style=\"text-align: center;\">Bringt es so mancher Werbeclip sehr puristisch und nur durch den\u00a0perfekt f\u00fcr die jeweilige Werbeplattform angepassten Schnitt\u00a0auf\u00a0den Punkt, k\u00f6nnen f\u00fcr die n\u00e4chste Umsetzung unterst\u00fctzende Animationssequenzen notwendig sein um Ihr Unternehmen ganz in Ihrem Sinne zu pr\u00e4sentieren. Ben\u00f6tigen Sie einen Sprecher der Ihrem Film die n\u00f6tige Stimme verleiht ? Welche Musik soll dem Film unterlegt sein ?<\/h4>\n<h4 style=\"text-align: center;\">Nach einer Bedarfserhebung werden alle relevanten Aspekte abgekl\u00e4rt und ein unverbindliches Angebot erstellt !<\/h4>\n[\/vc_column_text][\/vc_column][\/vc_row][vc_row][vc_column width=&#8220;1\/3&#8243;][vc_single_image image=&#8220;3288&#8243; img_size=&#8220;medium&#8220; alignment=&#8220;center&#8220; style=&#8220;vc_box_circle_2&#8243;][\/vc_column][vc_column width=&#8220;1\/3&#8243;][vc_single_image image=&#8220;3365&#8243; img_size=&#8220;200&#215;200&#8243; alignment=&#8220;center&#8220; style=&#8220;vc_box_circle_2&#8243;][\/vc_column][vc_column width=&#8220;1\/3&#8243;][vc_single_image image=&#8220;3277&#8243; img_size=&#8220;200&#215;200&#8243; alignment=&#8220;center&#8220; style=&#8220;vc_box_circle&#8220;][\/vc_column][\/vc_row][vc_row][vc_column][vc_custom_heading text=&#8220;WERBESPOTS \/\/ IMAGEFILME \/\/ PRODUKTFILME \/\/ FACEBOOK ADS \/\/ YOUTUBE ADS \/\/ UTILITY FILME \/\/ SCHULUNGSFILME \/\/ EVENTFILME&#8220; font_container=&#8220;tag:h3|text_align:left&#8220; google_fonts=&#8220;font_family:Cabin%3Aregular%2Citalic%2C500%2C500italic%2C600%2C600italic%2C700%2C700italic|font_style:400%20regular%3A400%3Anormal&#8220; link=&#8220;||&#8220;][vc_custom_heading text=&#8220;IDEEN IN BEWEGUNG \/\/ IDEAS IN MOTION&#8220; google_fonts=&#8220;font_family:Cabin%3Aregular%2Citalic%2C500%2C500italic%2C600%2C600italic%2C700%2C700italic|font_style:400%20regular%3A400%3Anormal&#8220;][vc_custom_heading text=&#8220;Leibnizstra\u00dfe 24 \/\/ 4020 Linz &#8211; Infos unter +43-664-3824059 oder info@manfredkoppensteiner.net&#8220; font_container=&#8220;tag:h3|text_align:center&#8220; google_fonts=&#8220;font_family:Cabin%3Aregular%2Citalic%2C500%2C500italic%2C600%2C600italic%2C700%2C700italic|font_style:400%20regular%3A400%3Anormal&#8220;][\/vc_column][\/vc_row]\n<\/div>","protected":false},"excerpt":{"rendered":"<p>[vc_row][vc_column][vc_custom_heading text=&#8220;IDEEN IN BEWEGUNG \/\/ IDEAS IN MOTION&#8220; google_fonts=&#8220;font_family:Cabin%3Aregular%2Citalic%2C500%2C500italic%2C600%2C600italic%2C700%2C700italic|font_style:400%20regular%3A400%3Anormal&#8220;][vc_custom_heading text=&#8220;Grestenbergerstra\u00dfe 12 \/\/ 4020 Linz &#8211; Infos unter +43-664-3824059 oder info@manfredkoppensteiner.net&#8220; font_container=&#8220;tag:h3|text_align:center&#8220; google_fonts=&#8220;font_family:Cabin%3Aregular%2Citalic%2C500%2C500italic%2C600%2C600italic%2C700%2C700italic|font_style:400%20regular%3A400%3Anormal&#8220;][\/vc_column][\/vc_row][vc_row][vc_column width=&#8220;1\/3&#8243;][vc_single_image image=&#8220;3259&#8243; img_size=&#8220;medium&#8220; alignment=&#8220;center&#8220; style=&#8220;vc_box_outline&#8220; css_animation=&#8220;appear&#8220;][vc_column_text css_animation=&#8220;left-to-right&#8220;] &gt;&gt; Kurze und pr\u00e4gnante clips bringen es auf den Punkt. Nutzen Sie die Vorteile des Bewegtbildes um Ihr Unternehmen bestm\u00f6glich zu pr\u00e4sentieren. &lt;&lt; [\/vc_column_text][\/vc_column][vc_column width=&#8220;1\/3&#8243;][vc_single_image image=&#8220;3479&#8243; img_size=&#8220;medium&#8220; alignment=&#8220;center&#8220; style=&#8220;vc_box_outline&#8220; css_animation=&#8220;appear&#8220;][vc_column_text css_animation=&#8220;bottom-to-top&#8220;] &gt;&gt; Sie m\u00f6chten Ihre professionelle Diensteleistung nat\u00fcrlich gerne Ihren Kunden vorstellen, der Imagefilm eignet sich dazu bestens, beginnen SIe noch [&hellip;]<\/p>\n","protected":false},"author":1,"featured_media":0,"parent":0,"menu_order":0,"comment_status":"open","ping_status":"open","template":"","meta":{"ngg_post_thumbnail":0,"footnotes":""},"class_list":["post-39","page","type-page","status-publish","hentry"],"_links":{"self":[{"href":"http:\/\/www.manfredkoppensteiner.net\/photography\/wp-json\/wp\/v2\/pages\/39","targetHints":{"allow":["GET"]}}],"collection":[{"href":"http:\/\/www.manfredkoppensteiner.net\/photography\/wp-json\/wp\/v2\/pages"}],"about":[{"href":"http:\/\/www.manfredkoppensteiner.net\/photography\/wp-json\/wp\/v2\/types\/page"}],"author":[{"embeddable":true,"href":"http:\/\/www.manfredkoppensteiner.net\/photography\/wp-json\/wp\/v2\/users\/1"}],"replies":[{"embeddable":true,"href":"http:\/\/www.manfredkoppensteiner.net\/photography\/wp-json\/wp\/v2\/comments?post=39"}],"version-history":[{"count":4,"href":"http:\/\/www.manfredkoppensteiner.net\/photography\/wp-json\/wp\/v2\/pages\/39\/revisions"}],"predecessor-version":[{"id":3658,"href":"http:\/\/www.manfredkoppensteiner.net\/photography\/wp-json\/wp\/v2\/pages\/39\/revisions\/3658"}],"wp:attachment":[{"href":"http:\/\/www.manfredkoppensteiner.net\/photography\/wp-json\/wp\/v2\/media?parent=39"}],"curies":[{"name":"wp","href":"https:\/\/api.w.org\/{rel}","templated":true}]}}